{"id":38,"date":"2024-09-02T22:07:18","date_gmt":"2024-09-02T20:07:18","guid":{"rendered":"http:\/\/lachautarde.com\/?page_id=38"},"modified":"2024-09-04T16:34:37","modified_gmt":"2024-09-04T14:34:37","slug":"vert","status":"publish","type":"page","link":"https:\/\/lachautarde.com\/index.php\/vert\/","title":{"rendered":"La Chautarde Huile d&rsquo;Olive"},"content":{"rendered":"\n<figure class=\"wp-block-image size-large is-resized\"><img loading=\"lazy\" decoding=\"async\" width=\"736\" height=\"1024\" src=\"http:\/\/lachautarde.com\/wp-content\/uploads\/2024\/09\/IMG_9686-736x1024.jpeg\" alt=\"\" class=\"wp-image-84\" style=\"width:426px;height:auto\" srcset=\"https:\/\/lachautarde.com\/wp-content\/uploads\/2024\/09\/IMG_9686-736x1024.jpeg 736w, https:\/\/lachautarde.com\/wp-content\/uploads\/2024\/09\/IMG_9686-215x300.jpeg 215w, https:\/\/lachautarde.com\/wp-content\/uploads\/2024\/09\/IMG_9686-768x1069.jpeg 768w, https:\/\/lachautarde.com\/wp-content\/uploads\/2024\/09\/IMG_9686-1103x1536.jpeg 1103w, https:\/\/lachautarde.com\/wp-content\/uploads\/2024\/09\/IMG_9686-1471x2048.jpeg 1471w, https:\/\/lachautarde.com\/wp-content\/uploads\/2024\/09\/IMG_9686-scaled.jpeg 1839w\" sizes=\"auto, (max-width: 736px) 100vw, 736px\" \/><\/figure>\n\n\n\n<p><strong>Description<\/strong> : Huile d&rsquo;olive obtenue directement des olives du domaine.<\/p>\n\n\n\n<p>F<strong>abrication <\/strong>: Uniquement par proc\u00e9d\u00e9s m\u00e9caniques.<\/p>\n\n\n\n<p><strong>Bouteille<\/strong> : 75 cl<\/p>\n\n\n\n<p><\/p>\n","protected":false},"excerpt":{"rendered":"<p>Description : Huile d&rsquo;olive obtenue directement des olives du domaine. Fabrication : Uniquement par proc\u00e9d\u00e9s m\u00e9caniques. Bouteille : 75 cl<\/p>\n","protected":false},"author":1,"featured_media":0,"parent":0,"menu_order":0,"comment_status":"closed","ping_status":"closed","template":"","meta":{"footnotes":""},"class_list":["post-38","page","type-page","status-publish","hentry"],"_links":{"self":[{"href":"https:\/\/lachautarde.com\/index.php\/wp-json\/wp\/v2\/pages\/38","targetHints":{"allow":["GET"]}}],"collection":[{"href":"https:\/\/lachautarde.com\/index.php\/wp-json\/wp\/v2\/pages"}],"about":[{"href":"https:\/\/lachautarde.com\/index.php\/wp-json\/wp\/v2\/types\/page"}],"author":[{"embeddable":true,"href":"https:\/\/lachautarde.com\/index.php\/wp-json\/wp\/v2\/users\/1"}],"replies":[{"embeddable":true,"href":"https:\/\/lachautarde.com\/index.php\/wp-json\/wp\/v2\/comments?post=38"}],"version-history":[{"count":3,"href":"https:\/\/lachautarde.com\/index.php\/wp-json\/wp\/v2\/pages\/38\/revisions"}],"predecessor-version":[{"id":187,"href":"https:\/\/lachautarde.com\/index.php\/wp-json\/wp\/v2\/pages\/38\/revisions\/187"}],"wp:attachment":[{"href":"https:\/\/lachautarde.com\/index.php\/wp-json\/wp\/v2\/media?parent=38"}],"curies":[{"name":"wp","href":"https:\/\/api.w.org\/{rel}","templated":true}]}}