{"id":34,"date":"2024-09-02T22:07:01","date_gmt":"2024-09-02T20:07:01","guid":{"rendered":"http:\/\/lachautarde.com\/?page_id=34"},"modified":"2025-06-04T16:56:50","modified_gmt":"2025-06-04T14:56:50","slug":"rose","status":"publish","type":"page","link":"https:\/\/lachautarde.com\/index.php\/rose\/","title":{"rendered":"La Chautarde Ros\u00e9"},"content":{"rendered":"\n<figure class=\"wp-block-image size-full is-resized\"><img loading=\"lazy\" decoding=\"async\" width=\"841\" height=\"878\" src=\"http:\/\/lachautarde.com\/wp-content\/uploads\/2024\/09\/rose-1.jpg\" alt=\"\" class=\"wp-image-204\" style=\"width:500px\" srcset=\"https:\/\/lachautarde.com\/wp-content\/uploads\/2024\/09\/rose-1.jpg 841w, https:\/\/lachautarde.com\/wp-content\/uploads\/2024\/09\/rose-1-287x300.jpg 287w, https:\/\/lachautarde.com\/wp-content\/uploads\/2024\/09\/rose-1-768x802.jpg 768w\" sizes=\"auto, (max-width: 767px) 89vw, (max-width: 1000px) 54vw, (max-width: 1071px) 543px, 580px\" \/><\/figure>\n\n\n\n<p><strong>Appellation<\/strong> : AOP Coteaux Varois en Provence<\/p>\n\n\n\n<p><strong>C\u00e9page<\/strong> : Grenache 40%, Cinsault 31%, Syrah 14%, Rolle 8% et Carignan 7%<\/p>\n\n\n\n<p><strong>Sol et sous-sol <\/strong>: Argilo-calcaire<\/p>\n\n\n\n<p><strong>Superficie<\/strong> : 27 ha<\/p>\n\n\n\n<p><strong>Conservation<\/strong> : 2 ans<\/p>\n\n\n\n<p><strong>Format de bouteilles<\/strong> : 75 cl et 150 cl<br><br><strong>Vinification<\/strong> : Vin de saign\u00e9e \u00e0 30 %, le reste en pressurage direct. Temp\u00e9rature de fermentation stabilis\u00e9e \u00e0 17 \u00b0C.<\/p>\n\n\n\n<p><strong>Description&nbsp;<\/strong>: Robe rose mangue. Nez p\u00eache de vigne. Bouche gourmande aux ar\u00f4mes d&rsquo;orange sanguine, salinit\u00e9 en fin de bouche.<\/p>\n\n\n\n<p><strong>Accord mets \/ vin<\/strong>&nbsp;:Ancho\u00efade et ses l\u00e9gumes de saison.<\/p>\n\n\n\n<p><strong>Temp\u00e9rature de d\u00e9gustation<\/strong> : 12\u00b0C<\/p>\n","protected":false},"excerpt":{"rendered":"<p>Appellation : AOP Coteaux Varois en Provence C\u00e9page : Grenache 40%, Cinsault 31%, Syrah 14%, Rolle 8% et Carignan 7% Sol et sous-sol : Argilo-calcaire Superficie : 27 ha Conservation : 2 ans Format de bouteilles : 75 cl et 150 cl Vinification : Vin de saign\u00e9e \u00e0 30 %, le reste en pressurage direct. &hellip; <\/p>\n<p class=\"link-more\"><a href=\"https:\/\/lachautarde.com\/index.php\/rose\/\" class=\"more-link\">Continuer la lecture<span class=\"screen-reader-text\"> de &laquo;&nbsp;La Chautarde Ros\u00e9&nbsp;&raquo;<\/span><\/a><\/p>\n","protected":false},"author":1,"featured_media":0,"parent":0,"menu_order":0,"comment_status":"closed","ping_status":"closed","template":"","meta":{"footnotes":""},"class_list":["post-34","page","type-page","status-publish","hentry"],"_links":{"self":[{"href":"https:\/\/lachautarde.com\/index.php\/wp-json\/wp\/v2\/pages\/34","targetHints":{"allow":["GET"]}}],"collection":[{"href":"https:\/\/lachautarde.com\/index.php\/wp-json\/wp\/v2\/pages"}],"about":[{"href":"https:\/\/lachautarde.com\/index.php\/wp-json\/wp\/v2\/types\/page"}],"author":[{"embeddable":true,"href":"https:\/\/lachautarde.com\/index.php\/wp-json\/wp\/v2\/users\/1"}],"replies":[{"embeddable":true,"href":"https:\/\/lachautarde.com\/index.php\/wp-json\/wp\/v2\/comments?post=34"}],"version-history":[{"count":7,"href":"https:\/\/lachautarde.com\/index.php\/wp-json\/wp\/v2\/pages\/34\/revisions"}],"predecessor-version":[{"id":233,"href":"https:\/\/lachautarde.com\/index.php\/wp-json\/wp\/v2\/pages\/34\/revisions\/233"}],"wp:attachment":[{"href":"https:\/\/lachautarde.com\/index.php\/wp-json\/wp\/v2\/media?parent=34"}],"curies":[{"name":"wp","href":"https:\/\/api.w.org\/{rel}","templated":true}]}}