{"id":25,"date":"2024-09-02T22:05:21","date_gmt":"2024-09-02T20:05:21","guid":{"rendered":"http:\/\/lachautarde.com\/?page_id=25"},"modified":"2024-09-04T16:47:52","modified_gmt":"2024-09-04T14:47:52","slug":"le-domaine","status":"publish","type":"page","link":"https:\/\/lachautarde.com\/","title":{"rendered":"Le domaine La Chautarde"},"content":{"rendered":"\n<p><\/p>\n\n\n\n<p>Une histoire de famille<\/p>\n\n\n\n<p>Le&nbsp;<strong>domaine viticole La Chautarde<\/strong>&nbsp;tire son nom de Marguerite CHAUTARD, qui a \u00e9pous\u00e9 Joseph BRAQUETY au d\u00e9but des ann\u00e9es 1600. Le&nbsp;<strong>domaine<\/strong>&nbsp;est rest\u00e9 dans la famille BRAQUETY jusqu\u2019au mariage d\u2019Anne Fran\u00e7oise avec Jean Baptiste GARNIER en 1797. Depuis lors, il a \u00e9t\u00e9 transmis de g\u00e9n\u00e9ration en g\u00e9n\u00e9ration au sein de la famille&nbsp;<strong>GARNIER<\/strong>. Aujourd\u2019hui, le domaine est dirig\u00e9 par Vincent GARNIER depuis 2003, \u00e9paul\u00e9 depuis 2018 par ses enfants Jo\u00ebl et Louise, qui perp\u00e9tuent la tradition familiale.<\/p>\n\n\n\n<h3 class=\"wp-block-heading\">Nos domaines<\/h3>\n\n\n\n<p>Le&nbsp;<strong>domaine viticole<\/strong>&nbsp;s\u2019\u00e9tend sur deux sites majeurs : \u2013&nbsp;<strong>La Grande Bastide<\/strong>, avec 115 hectares sur la commune de Le Val, \u2013&nbsp;<strong>La Chautarde<\/strong>, comprenant 129 hectares sur la commune de La Celle.<\/p>\n\n\n\n<p>La&nbsp;<strong>Surface Agricole Utile<\/strong>&nbsp;totalise 63 hectares, dont 32 hectares de&nbsp;<strong>vignes en AOP Coteaux Varois en Provence<\/strong>, 2 hectares d\u00e9di\u00e9s aux&nbsp;<strong>oliviers<\/strong>, et des terres de p\u00e2turage. Notre vignoble produit des vins typiques de la r\u00e9gion Provence, reconnus pour leur qualit\u00e9 et leur respect du terroir.<\/p>\n\n\n\n<h3 class=\"wp-block-heading\">Le chai<\/h3>\n\n\n\n<p>Le&nbsp;<strong>chai<\/strong>&nbsp;est situ\u00e9 sur le domaine de&nbsp;<strong>La Chautarde<\/strong>. Notre cave est \u00e9quip\u00e9e d\u2019une cuverie moderne avec une capacit\u00e9 de 3600 hectolitres, compos\u00e9e de cuves en diff\u00e9rents mat\u00e9riaux et volumes, adapt\u00e9es aux besoins sp\u00e9cifiques des&nbsp;<strong>vinifications<\/strong>. Nous utilisons des syst\u00e8mes de r\u00e9gulation thermique pour contr\u00f4ler les temp\u00e9ratures de&nbsp;<strong>fermentation<\/strong>, garantissant ainsi des vins de qualit\u00e9. Les&nbsp;<strong>pressoirs pneumatiques<\/strong>&nbsp;assurent une extraction en douceur des raisins, pr\u00e9servant l\u2019int\u00e9grit\u00e9 du fruit et des ar\u00f4mes.<\/p>\n\n\n\n<h3 class=\"wp-block-heading\">Notre d\u00e9marche<\/h3>\n\n\n\n<p>Nous pratiquons une&nbsp;<strong>viticulture traditionnelle<\/strong>, en accord avec le cahier des charges de l\u2019<strong>appellation AOP Coteaux Varois en Provence<\/strong>. Une attention particuli\u00e8re est port\u00e9e \u00e0 la sant\u00e9 des sols, que nous enrichissons avec des mati\u00e8res organiques produites sur l\u2019exploitation. Un soin constant est apport\u00e9 au travail du sol et \u00e0 la gestion raisonn\u00e9e des vignes, afin de garantir des&nbsp;<strong>vins<\/strong>&nbsp;authentiques, respectueux de la nature et du terroir.<\/p>\n","protected":false},"excerpt":{"rendered":"<p>Une histoire de famille Le&nbsp;domaine viticole La Chautarde&nbsp;tire son nom de Marguerite CHAUTARD, qui a \u00e9pous\u00e9 Joseph BRAQUETY au d\u00e9but des ann\u00e9es 1600. Le&nbsp;domaine&nbsp;est rest\u00e9 dans la famille BRAQUETY jusqu\u2019au mariage d\u2019Anne Fran\u00e7oise avec Jean Baptiste GARNIER en 1797. Depuis lors, il a \u00e9t\u00e9 transmis de g\u00e9n\u00e9ration en g\u00e9n\u00e9ration au sein de la famille&nbsp;GARNIER. Aujourd\u2019hui, &hellip; <\/p>\n<p class=\"link-more\"><a href=\"https:\/\/lachautarde.com\/\" class=\"more-link\">Continuer la lecture<span class=\"screen-reader-text\"> de &laquo;&nbsp;Le domaine La Chautarde&nbsp;&raquo;<\/span><\/a><\/p>\n","protected":false},"author":1,"featured_media":0,"parent":0,"menu_order":0,"comment_status":"closed","ping_status":"closed","template":"","meta":{"footnotes":""},"class_list":["post-25","page","type-page","status-publish","hentry"],"_links":{"self":[{"href":"https:\/\/lachautarde.com\/index.php\/wp-json\/wp\/v2\/pages\/25","targetHints":{"allow":["GET"]}}],"collection":[{"href":"https:\/\/lachautarde.com\/index.php\/wp-json\/wp\/v2\/pages"}],"about":[{"href":"https:\/\/lachautarde.com\/index.php\/wp-json\/wp\/v2\/types\/page"}],"author":[{"embeddable":true,"href":"https:\/\/lachautarde.com\/index.php\/wp-json\/wp\/v2\/users\/1"}],"replies":[{"embeddable":true,"href":"https:\/\/lachautarde.com\/index.php\/wp-json\/wp\/v2\/comments?post=25"}],"version-history":[{"count":6,"href":"https:\/\/lachautarde.com\/index.php\/wp-json\/wp\/v2\/pages\/25\/revisions"}],"predecessor-version":[{"id":192,"href":"https:\/\/lachautarde.com\/index.php\/wp-json\/wp\/v2\/pages\/25\/revisions\/192"}],"wp:attachment":[{"href":"https:\/\/lachautarde.com\/index.php\/wp-json\/wp\/v2\/media?parent=25"}],"curies":[{"name":"wp","href":"https:\/\/api.w.org\/{rel}","templated":true}]}}